{"id":9,"date":"2015-12-15T07:37:33","date_gmt":"2015-12-15T07:37:33","guid":{"rendered":"http:\/\/consulting.stylemixthemes.com\/demo\/?page_id=9"},"modified":"2016-04-24T17:22:20","modified_gmt":"2016-04-24T14:22:20","slug":"beyab-hakkinda","status":"publish","type":"page","link":"https:\/\/www.beyab.com\/en\/beyab-hakkinda\/","title":{"rendered":"About BeyAb"},"content":{"rendered":"<div class=\"wpb-content-wrapper\"><p>[vc_row][vc_column width=&#8221;1\/2&#8243; offset=&#8221;vc_col-lg-6 vc_col-md-6&#8243;][vc_column_text]<img loading=\"lazy\" decoding=\"async\" class=\"alignnone wp-image-1053\" src=\"http:\/\/new.beyab.com\/wp-content\/uploads\/2015\/12\/hakkimizda-optimized-300x200.jpg\" alt=\"hakkimizda-optimized\" width=\"569\" height=\"379\" srcset=\"https:\/\/www.beyab.com\/wp-content\/uploads\/2015\/12\/hakkimizda-optimized-300x200.jpg 300w, https:\/\/www.beyab.com\/wp-content\/uploads\/2015\/12\/hakkimizda-optimized-768x512.jpg 768w, https:\/\/www.beyab.com\/wp-content\/uploads\/2015\/12\/hakkimizda-optimized-1024x683.jpg 1024w, https:\/\/www.beyab.com\/wp-content\/uploads\/2015\/12\/hakkimizda-optimized.jpg 1900w\" sizes=\"auto, (max-width: 569px) 100vw, 569px\" \/>[\/vc_column_text][\/vc_column][vc_column width=&#8221;1\/2&#8243; offset=&#8221;vc_col-lg-6 vc_col-md-6&#8243;][vc_column_text css=&#8221;.vc_custom_1459323907483{margin-top: 40px !important;}&#8221;]<\/p>\n<p><span style=\"font-weight: 400;\">Starting activities in 1996, BeyAb G\u0131da M\u00fchendislik \u00dcr\u00fcnleri San. Tic. Ltd. \u015eti. with its expert food and agriculture engineering staff assists flour factories in developping and producing high quality products. Working in close cooperation with BASF company, world\u2019s most important chemical manufacturer, BeyAb has been formulating and manufacturing its products to solve problems specific to wheat structure and flours both in Turkey as well as in other parts of the world. Not only does BeyAb G\u0131da deliver highest quality and pure flour additives directly to manufacturers, but also shares its accumulated Know-How related to the application of these pure substances.<\/span><\/p>\n<p><span style=\"font-weight: 400;\">Our main objectives are to\u00a0:<\/span><\/p>\n<ul>\n<li style=\"font-weight: 400;\"><span style=\"font-weight: 400;\">Improve the poorest flours to a satisfactory level.<\/span><\/li>\n<li style=\"font-weight: 400;\"><span style=\"font-weight: 400;\">Increase the quality of good flours in the most economical way,<\/span><\/li>\n<li style=\"font-weight: 400;\"><span style=\"font-weight: 400;\">Increase awareness among the Millers of the growing importance of additives and enzymes in an increasingly competitive economic environment and in constantly boiling\u00a0 world wheat market.<\/span><\/li>\n<\/ul>\n<p><span style=\"font-weight: 400;\">We offer to assist you with application of all kinds of pure enzymes.<\/span><\/p>\n<p class=\"p1\"><span style=\"font-weight: 400;\">Working with an international enzyme manufacturer of a very wide product range, as BASF is, having enzymes manufactured under its own brand, BeyAb succeeds by changing the formula of additives according to the state of wheat at the beginning of each crop . BeyAb is the reference\u00a0 you can rely on\u00a0 for any question\u00a0 regarding the choice of wheats and production of \u00a0flour, bread, biscuits and enzymes.<\/span><\/p>\n<p>[\/vc_column_text][\/vc_column][\/vc_row]<\/p>\n<\/div>","protected":false},"excerpt":{"rendered":"<p>[vc_row][vc_column width=&#8221;1\/2&#8243; offset=&#8221;vc_col-lg-6 vc_col-md-6&#8243;][vc_column_text][\/vc_column_text][\/vc_column][vc_column width=&#8221;1\/2&#8243; offset=&#8221;vc_col-lg-6 vc_col-md-6&#8243;][vc_column_text css=&#8221;.vc_custom_1459323907483{margin-top: 40px !important;}&#8221;] Starting activities in 1996, BeyAb G\u0131da M\u00fchendislik \u00dcr\u00fcnleri San. Tic. Ltd. \u015eti. with its expert food and agriculture engineering staff assists flour factories in developping and producing high quality products. Working in close cooperation with BASF company, world\u2019s most important chemical manufacturer, BeyAb has been<\/p>\n","protected":false},"author":1,"featured_media":0,"parent":0,"menu_order":0,"comment_status":"closed","ping_status":"closed","template":"","meta":{"footnotes":""},"class_list":["post-9","page","type-page","status-publish","hentry"],"_links":{"self":[{"href":"https:\/\/www.beyab.com\/en\/wp-json\/wp\/v2\/pages\/9","targetHints":{"allow":["GET"]}}],"collection":[{"href":"https:\/\/www.beyab.com\/en\/wp-json\/wp\/v2\/pages"}],"about":[{"href":"https:\/\/www.beyab.com\/en\/wp-json\/wp\/v2\/types\/page"}],"author":[{"embeddable":true,"href":"https:\/\/www.beyab.com\/en\/wp-json\/wp\/v2\/users\/1"}],"replies":[{"embeddable":true,"href":"https:\/\/www.beyab.com\/en\/wp-json\/wp\/v2\/comments?post=9"}],"version-history":[{"count":16,"href":"https:\/\/www.beyab.com\/en\/wp-json\/wp\/v2\/pages\/9\/revisions"}],"predecessor-version":[{"id":1786,"href":"https:\/\/www.beyab.com\/en\/wp-json\/wp\/v2\/pages\/9\/revisions\/1786"}],"wp:attachment":[{"href":"https:\/\/www.beyab.com\/en\/wp-json\/wp\/v2\/media?parent=9"}],"curies":[{"name":"wp","href":"https:\/\/api.w.org\/{rel}","templated":true}]}}